{"id":1379,"date":"2019-10-09T00:07:46","date_gmt":"2019-10-08T22:07:46","guid":{"rendered":"http:\/\/moissaniteamore.com\/?post_type=product&#038;p=1379"},"modified":"2019-11-06T17:28:01","modified_gmt":"2019-11-06T16:28:01","slug":"anillo-infinito-con-piedras","status":"publish","type":"product","link":"https:\/\/moissaniteamore.com\/?product=anillo-infinito-con-piedras","title":{"rendered":"Anillo compromiso corte redondo modelo infinito con piedras"},"content":{"rendered":"<p>Las joyas Moissanite Amore son formadas y moldeadas con conocimiento y t\u00e9cnica de nuestros orfebres.<br \/>\nEl anillo puede personalizarse acorde las especificaciones exactas, para acomodar una piedra central de 1.2, 1 ct, 0.8 ct y 0.5 ct.<br \/>\nSelecciona el color del metal que m\u00e1s te guste, el tama\u00f1o de Moissanite favorito del men\u00fa que aparece en la parte de arriba.<\/p>\n","protected":false},"excerpt":{"rendered":"<table style=\"font-size: 16px; font-style: normal;\" border=\"0\" width=\"100%\" cellspacing=\"10\" cellpadding=\"0\" bgcolor=\"#F9F9F9\">\n<tbody>\n<tr>\n<th>PIEDRA CENTRAL<\/th>\n<th>PIEDRAS LATERALES<\/th>\n<\/tr>\n<tr>\n<td><strong>Tama\u00f1o:<\/strong> Seleccionable<br \/>\n<strong>Corte:<\/strong> Redondo<br \/>\n<strong>Claridad:<\/strong> VVS1<br \/>\n<strong>Color:<\/strong> D<\/td>\n<td><strong>Peso:<\/strong> 0.48 CT<br \/>\n<strong>Corte:<\/strong>\u00a0Redondo<br \/>\n<strong>Claridad:<\/strong> VVS1<br \/>\n<strong>Color:<\/strong> D<\/td>\n<\/tr>\n<\/tbody>\n<\/table>\n<p><strong><a href=\"https:\/\/moissaniteamore.com\/wp-content\/uploads\/2019\/10\/guia-de-tallas-moissanite.pdf\">Conoce tu talla<\/a><\/strong><\/p>\n","protected":false},"featured_media":1380,"template":"","meta":[],"product_cat":[23],"product_tag":[57],"_links":{"self":[{"href":"https:\/\/moissaniteamore.com\/index.php?rest_route=\/wp\/v2\/product\/1379"}],"collection":[{"href":"https:\/\/moissaniteamore.com\/index.php?rest_route=\/wp\/v2\/product"}],"about":[{"href":"https:\/\/moissaniteamore.com\/index.php?rest_route=\/wp\/v2\/types\/product"}],"wp:featuredmedia":[{"embeddable":true,"href":"https:\/\/moissaniteamore.com\/index.php?rest_route=\/wp\/v2\/media\/1380"}],"wp:attachment":[{"href":"https:\/\/moissaniteamore.com\/index.php?rest_route=%2Fwp%2Fv2%2Fmedia&parent=1379"}],"wp:term":[{"taxonomy":"product_cat","embeddable":true,"href":"https:\/\/moissaniteamore.com\/index.php?rest_route=%2Fwp%2Fv2%2Fproduct_cat&post=1379"},{"taxonomy":"product_tag","embeddable":true,"href":"https:\/\/moissaniteamore.com\/index.php?rest_route=%2Fwp%2Fv2%2Fproduct_tag&post=1379"}],"curies":[{"name":"wp","href":"https:\/\/api.w.org\/{rel}","templated":true}]}}